{"id":227,"date":"2018-08-28T06:24:52","date_gmt":"2018-08-28T03:24:52","guid":{"rendered":"https:\/\/industify.frenify.net\/1\/?page_id=227"},"modified":"2022-08-25T17:37:35","modified_gmt":"2022-08-25T14:37:35","slug":"hakkimizda","status":"publish","type":"page","link":"https:\/\/www.notralkimya.com\/?page_id=227","title":{"rendered":"Home Classic"},"content":{"rendered":"\t\t<div data-elementor-type=\"wp-post\" data-elementor-id=\"227\" class=\"elementor elementor-227\">\n\t\t\t\t\t\t\t\t\t<section class=\"elementor-section elementor-top-section elementor-element elementor-element-9b59fb8 elementor-section-full_width elementor-section-height-default elementor-section-height-default\" data-id=\"9b59fb8\" data-element_type=\"section\">\n\t\t\t\t\t\t<div class=\"elementor-container elementor-column-gap-default\">\n\t\t\t\t\t<div class=\"elementor-column elementor-col-100 elementor-top-column elementor-element elementor-element-23ac36a\" data-id=\"23ac36a\" data-element_type=\"column\">\n\t\t\t<div class=\"elementor-widget-wrap elementor-element-populated\">\n\t\t\t\t\t\t\t\t<div class=\"elementor-element elementor-element-3b554ca elementor-widget elementor-widget-frel-hero-header-modern\" data-id=\"3b554ca\" data-element_type=\"widget\" data-widget_type=\"frel-hero-header-modern.default\">\n\t\t\t\t<div class=\"elementor-widget-container\">\n\t\t\t<div class=\"cons_w_wrapper\"><div class=\"fn_cs_hero_header_modern\" data-url-show=\"no\" data-height=\"vh\"><div class=\"container\"><div class=\"content_holder\"><div class=\"title_holder\"><h3>Biz Kimiz?<\/h3><p>N\u00f6tral Kimya, 2004 y\u0131l\u0131nda kurulmu\u015f olup su \u015fartland\u0131rma , su ar\u0131tma sistemleri , havuz kimyasallar\u0131 , end\u00fcstriyel temizlik kimyasallar\u0131 ile faaliyetine ba\u015flam\u0131\u015ft\u0131r.2010 y\u0131l\u0131ndan itibaren tekstil yard\u0131mc\u0131 kimyasallar\u0131 \u00fcretimine ba\u015flam\u0131\u015f olup g\u00fcn\u00fcm\u00fczde halen devam etmektedir.<\/p><\/div><div class=\"btn_holder fn_cs_lightgallery\"><span class=\"video lightbox\"  data-src=\"\" ><span class=\"icon\"><\/span><span class=\"text\"><\/span><\/span><\/div><\/div><\/div><div class=\"bg_holder\"><div class=\"o_img\" data-bg-img=\"http:\/\/www.notralkimya.com\/wp-content\/uploads\/2022\/07\/HAKKIMIZDA-ARKA-PLAN-scaled.jpg\"><\/div><div class=\"o_color\"><\/div><\/div><\/div><\/div>\t\t<\/div>\n\t\t\t\t<\/div>\n\t\t\t\t\t<\/div>\n\t\t<\/div>\n\t\t\t\t\t\t\t<\/div>\n\t\t<\/section>\n\t\t\t\t<section class=\"elementor-section elementor-top-section elementor-element elementor-element-5d63913 elementor-section-full_width elementor-section-height-default elementor-section-height-default\" data-id=\"5d63913\" data-element_type=\"section\" data-settings=\"{&quot;background_background&quot;:&quot;classic&quot;}\">\n\t\t\t\t\t\t\t<div class=\"elementor-background-overlay\"><\/div>\n\t\t\t\t\t\t\t<div class=\"elementor-container elementor-column-gap-default\">\n\t\t\t\t\t<div class=\"elementor-column elementor-col-100 elementor-top-column elementor-element elementor-element-17f0192\" data-id=\"17f0192\" data-element_type=\"column\">\n\t\t\t<div class=\"elementor-widget-wrap\">\n\t\t\t\t\t\t\t\t\t<\/div>\n\t\t<\/div>\n\t\t\t\t\t\t\t<\/div>\n\t\t<\/section>\n\t\t\t\t<section class=\"elementor-section elementor-top-section elementor-element elementor-element-7b165fb elementor-section-full_width elementor-section-height-default elementor-section-height-default\" data-id=\"7b165fb\" data-element_type=\"section\">\n\t\t\t\t\t\t<div class=\"elementor-container elementor-column-gap-default\">\n\t\t\t\t\t<div class=\"elementor-column elementor-col-100 elementor-top-column elementor-element elementor-element-3d4c765\" data-id=\"3d4c765\" data-element_type=\"column\">\n\t\t\t<div class=\"elementor-widget-wrap elementor-element-populated\">\n\t\t\t\t\t\t\t\t<div class=\"elementor-element elementor-element-9e1c582 elementor-widget elementor-widget-frel-about-with-rating\" data-id=\"9e1c582\" data-element_type=\"widget\" data-widget_type=\"frel-about-with-rating.default\">\n\t\t\t\t<div class=\"elementor-widget-container\">\n\t\t\t<div class=\"cons_w_wrapper\"><div class=\"fn_cs_about_with_rating\"><div class=\"container\"><div class=\"awr_inner\"><div class=\"left_part\"><h3>Kalite Politikam\u0131z<\/h3><p>Firmam\u0131z vizyonu do\u011frultusunda ISO 9001:2015 standard\u0131 gere\u011fi kalite politikam\u0131z\nN\u00f6tral Kimya olarak geli\u015fmekte olan teknoloji ve d\u00fcnya normlar\u0131nda, ulusal ve uluslararas\u0131 standartlarda \u00fcretim, sat\u0131\u015f ve pazarlamas\u0131n\u0131 yapmak ve sekt\u00f6r\u00fcm\u00fczde \u00f6nc\u00fc olmak ana hedefimizdir.\nBu do\u011frultuda\nS\u00fcrekli geli\u015fim bilincinde olmak,\n\u00dcr\u00fcn ve hizmet kalitemizi devaml\u0131 art\u0131rmak,\nT\u00fcm s\u00fcre\u00e7lerde, m\u00fc\u015fterinin ihtiya\u00e7 ve beklentilerini tam olarak kar\u015f\u0131layan bir anlay\u0131\u015f i\u00e7inde g\u00fcvenilir ve aranan firma olmak,\n\tPolitikam\u0131z do\u011frultusunda kalite hedeflerimize ula\u015fmak i\u00e7in kalite anlay\u0131\u015f\u0131m\u0131z\u0131n s\u00fcreklili\u011fini sa\u011flayarak i\u00e7inde bulundu\u011fumuz topluma ve \u00e7evreye sayg\u0131l\u0131, \u00f6rnek bir firma olmak,\n<\/p><img decoding=\"async\" src=\"https:\/\/www.notralkimya.com\/wp-content\/plugins\/industify-core\/shortcode\/assets\/img\/left-img.png\" alt=\"\" \/><\/div><div class=\"right_part\"><div class=\"r_inner\"><div class=\"top_section\"><div class=\"badge_holder\"><div class=\"badge_left\"><div class=\"b_title\"><h3>\u00c7orlunun \u00d6nde Gelen Kimya<br \/>Kurulu\u015fu<\/h3><\/div><div class=\"b_desc\"><span class=\"year\">18<\/span><span class=\"text\">Y\u0131llar\u0131n Deneyimi<\/span><\/div><\/div><div class=\"badge_right\" data-bg-img=\"http:\/\/www.notralkimya.com\/wp-content\/uploads\/2022\/07\/Kalite-Politikamiz-scaled.jpg\"><\/div><\/div><div class=\"rating_holder\"><div class=\"r_header\"><\/div><div class=\"r_footer\"><\/div><a href=\"#\"><\/a><img decoding=\"async\" class=\"industify_w_fn_svg\" src=\"https:\/\/www.notralkimya.com\/wp-content\/plugins\/industify-core\/shortcode\/assets\/svg\/stars.svg\" alt=\"svg\" \/><h3 class=\"rating_number\">9.7<\/h3><h3 class=\"rating_text\">M\u00fc\u015fteri Puan\u0131<\/h3><\/div><\/div><div class=\"bottom_section\"><div class=\"list\"><ul><li><div class=\"item\"><span class=\"icon\"><img decoding=\"async\" class=\"industify_w_fn_svg\" src=\"https:\/\/www.notralkimya.com\/wp-content\/plugins\/industify-core\/shortcode\/assets\/svg\/checked.svg\" alt=\"\" \/><\/span><p>Kimya i\u015finde en iyi yetenek.<\/p><\/div><\/li><li><div class=\"item\"><span class=\"icon\"><img decoding=\"async\" class=\"industify_w_fn_svg\" src=\"https:\/\/www.notralkimya.com\/wp-content\/plugins\/industify-core\/shortcode\/assets\/svg\/checked.svg\" alt=\"\" \/><\/span><p> En eski \u015firketlerden biri.<\/p><\/div><\/li><li><div class=\"item\"><span class=\"icon\"><img decoding=\"async\" class=\"industify_w_fn_svg\" src=\"https:\/\/www.notralkimya.com\/wp-content\/plugins\/industify-core\/shortcode\/assets\/svg\/checked.svg\" alt=\"\" \/><\/span><p>550'in \u00fczerinde projeyi tamamlad\u0131k.<\/p><\/div><\/li><li><div class=\"item\"><span class=\"icon\"><img decoding=\"async\" class=\"industify_w_fn_svg\" src=\"https:\/\/www.notralkimya.com\/wp-content\/plugins\/industify-core\/shortcode\/assets\/svg\/checked.svg\" alt=\"\" \/><\/span><p> En \u00f6zverili ve tutkulu ekip.<\/p><\/div><\/li><\/ul><\/div><\/div><\/div><\/div><\/div><\/div><\/div><\/div>\t\t<\/div>\n\t\t\t\t<\/div>\n\t\t\t\t<div class=\"elementor-element elementor-element-c118747 elementor-widget elementor-widget-frel-about\" data-id=\"c118747\" data-element_type=\"widget\" data-widget_type=\"frel-about.default\">\n\t\t\t\t<div class=\"elementor-widget-container\">\n\t\t\t<div class=\"cons_w_wrapper\"><div class=\"fn_cs_about\"><div class=\"container\"><div class=\"a_inner\"><div class=\"leftpart\"><div class=\"title_holder\"><h3 class=\"title\">\u00c7evre Politikam\u0131z<\/h3><p class=\"desc\">\tT\u00fcm \u00e7al\u0131\u015fanlarda kalite, \u00e7evre ve i\u015f g\u00fcvenli\u011fi bilincini tesis etmeyi,\n\tEnerji ve do\u011fal kaynaklar\u0131n verimli kullan\u0131lmas\u0131, olu\u015fabilecek kirlili\u011fin kayna\u011f\u0131nda \u00f6nlenmesini sa\u011flayarak \u00e7evre bilinci ile \u00f6rnek bir kurum olmak i\u00e7in t\u00fcm g\u00fcc\u00fcyle \u00e7al\u0131\u015fmay\u0131,\n\t\u00c7evre ile ilgili acil durumlar i\u00e7in riskleri belirleyip bunlar\u0131 azaltaca\u011f\u0131m\u0131z\u0131,\n\t\u00c7evreyi tehdit etme potansiyeli olan kazalara veya olaylara kar\u015f\u0131 \u00f6nleyici tedbirler al\u0131r,\n\tDevlet yetkilileri, \u00e7al\u0131\u015fanlar\u0131, i\u015f ortaklar\u0131, tedarik\u00e7ileri ve m\u00fc\u015fterileri ile \u00e7evresel konularda i\u015f birli\u011fi i\u00e7inde olmay\u0131,\ntaahh\u00fct ederiz.\n<\/p><\/div><div class=\"sign_holder\"><h3 class=\"name\"><\/h3><p class=\"occ\"><\/p><\/div><\/div><div class=\"rightpart\"><div class=\"r_inner\" id=\"scene\"><div class=\"layer border\" data-depth=\"0.3\"><span class=\"span1\"><\/span><span class=\"span2\"><\/span><img decoding=\"async\" src=\"https:\/\/www.notralkimya.com\/wp-content\/plugins\/industify-core\/shortcode\/assets\/img\/thumb-500-560.jpg\" alt=\"\" \/><\/div><div class=\"img_holder layer\" data-depth=\"0.5\"><img decoding=\"async\" src=\"https:\/\/www.notralkimya.com\/wp-content\/plugins\/industify-core\/shortcode\/assets\/img\/thumb-500-560.jpg\" alt=\"\" \/><div class=\"abs_img\" data-bg-img=\"http:\/\/www.notralkimya.com\/wp-content\/uploads\/2022\/07\/Cevre-Politikasi-Icin-scaled.jpg\"><\/div><\/div><div class=\"dots layer\" data-switch=\"disable\" data-depth=\"0.9\" data-bg-img=\"\"><img decoding=\"async\" src=\"https:\/\/www.notralkimya.com\/wp-content\/plugins\/industify-core\/shortcode\/assets\/img\/thumb-500-560.jpg\" alt=\"\" \/><\/div><\/div><\/div><\/div><\/div><\/div><\/div>\t\t<\/div>\n\t\t\t\t<\/div>\n\t\t\t\t\t<\/div>\n\t\t<\/div>\n\t\t\t\t\t\t\t<\/div>\n\t\t<\/section>\n\t\t\t\t<section class=\"elementor-section elementor-top-section elementor-element elementor-element-71c39c9 elementor-section-boxed elementor-section-height-default elementor-section-height-default\" data-id=\"71c39c9\" data-element_type=\"section\">\n\t\t\t\t\t\t<div class=\"elementor-container elementor-column-gap-default\">\n\t\t\t\t\t<div class=\"elementor-column elementor-col-100 elementor-top-column elementor-element elementor-element-48e3756\" data-id=\"48e3756\" data-element_type=\"column\">\n\t\t\t<div class=\"elementor-widget-wrap elementor-element-populated\">\n\t\t\t\t\t\t\t\t<div class=\"elementor-element elementor-element-7944a06 elementor-widget elementor-widget-frel-alpha-slider\" data-id=\"7944a06\" data-element_type=\"widget\" data-widget_type=\"frel-alpha-slider.default\">\n\t\t\t\t<div class=\"elementor-widget-container\">\n\t\t\t<div class=\"cons_w_wrapper\"><div class=\"slider_version\">\r\n\t\t\t\t\t\t\t<div class=\"industify_slider_alpha\" data-desc-show=\"yes\" data-category-show=\"yes\" data-nav-types=\"square\" data-autoplay-switch=\"enabled\" data-autoplay-time=\"7000\" data-effect=\"fade\" data-progress=\"disabled\" data-box-pos=\"cl\" data-img-effect=\"enabled\" data-text-effect=\"enabled\">\r\n\t\t\t\t\t\t\t\t<div class=\"owl_control\">\r\n\t\t\t\t\t\t\t\t\t<div class=\"fn_prev\"><span><span class=\"a\"><\/span><span class=\"b\"><\/span><span class=\"c\"><\/span><\/span><\/div>\r\n\t\t\t\t\t\t\t\t\t<div class=\"fn_next\"><span><span class=\"a\"><\/span><span class=\"b\"><\/span><span class=\"c\"><\/span><\/span><\/div>\r\n\t\t\t\t\t\t\t\t<\/div>\r\n\t\t\t\t\t\t\t\t<div class=\"swiper-pagination\"><\/div>\r\n\t\t\t\t\t\t\t\t<div class=\"swiper-wrapper\"><div class=\"swiper-slide\">\r\n\t\t\t\t\t\t\t<div class=\"item\">\r\n\t\t\t\t\t\t\t\t<div class=\"img_holder\" data-bg-img=\"http:\/\/www.notralkimya.com\/wp-content\/uploads\/2022\/08\/misyonumuz-scaled.jpg\" data-src=\"http:\/\/www.notralkimya.com\/wp-content\/uploads\/2022\/08\/misyonumuz-scaled.jpg\">\r\n\t\t\t\t\t\t\t\t<\/div>\r\n\t\t\t\t\t\t\t\t<div class=\"title_holder\">\r\n\t\t\t\t\t\t\t\t\t<div class=\"inner\">\r\n\t\t\t\t\t\t\t\t\t\t<div class=\"in\">\r\n\t\t\t\t\t\t\t\t\t\t\t<p><span><\/span><\/p>\r\n\t\t\t\t\t\t\t\t\t\t\t<h3><span><a href=\"#\">Misyonumuz<\/a><\/span><\/h3>\r\n\t\t\t\t\t\t\t\t\t\t\t<div class=\"desc\"><span>Sekt\u00f6r\u00fcnde m\u00fc\u015fterilerimizin \u00fcr\u00fcn ve hizmet beklentilerini d\u00fcnya standartlar\u0131nda, \u00e7al\u0131\u015fanlar\u0131m\u0131z\u0131n ve payda\u015flar\u0131m\u0131z\u0131n memnuniyetlerini s\u00fcrekli artt\u0131rarak, \u00e7evreye ve do\u011faya zarar vermeden, ili\u015fkide oldu\u011fumuz kurum ve ki\u015filerle uyum i\u00e7erisinde, gelece\u011fe giden yolda s\u00fcrekli geli\u015fim \u00fclkesi ile ger\u00e7ekle\u015ftirmek.<span><\/div>\r\n\t\t\t\t\t\t\t\t\t\t<\/div>\r\n\t\t\t\t\t\t\t\t\t<\/div>\r\n\t\t\t\t\t\t\t\t<\/div>\r\n\t\t\t\t\t\t\t<\/div>\r\n\t\t\t\t\t\t <\/div><div class=\"swiper-slide\">\r\n\t\t\t\t\t\t\t<div class=\"item\">\r\n\t\t\t\t\t\t\t\t<div class=\"img_holder\" data-bg-img=\"http:\/\/www.notralkimya.com\/wp-content\/uploads\/2022\/08\/vizyonumuz-scaled.jpg\" data-src=\"http:\/\/www.notralkimya.com\/wp-content\/uploads\/2022\/08\/vizyonumuz-scaled.jpg\">\r\n\t\t\t\t\t\t\t\t<\/div>\r\n\t\t\t\t\t\t\t\t<div class=\"title_holder\">\r\n\t\t\t\t\t\t\t\t\t<div class=\"inner\">\r\n\t\t\t\t\t\t\t\t\t\t<div class=\"in\">\r\n\t\t\t\t\t\t\t\t\t\t\t<p><span><\/span><\/p>\r\n\t\t\t\t\t\t\t\t\t\t\t<h3><span><a href=\"#\">Vizyonumuz<\/a><\/span><\/h3>\r\n\t\t\t\t\t\t\t\t\t\t\t<div class=\"desc\"><span>D\u00fcnyaya a\u00e7\u0131k,sayg\u0131n ve dinamik bir marka olmak<span><\/div>\r\n\t\t\t\t\t\t\t\t\t\t<\/div>\r\n\t\t\t\t\t\t\t\t\t<\/div>\r\n\t\t\t\t\t\t\t\t<\/div>\r\n\t\t\t\t\t\t\t<\/div>\r\n\t\t\t\t\t\t <\/div><\/div><\/div><\/div><\/div>\t\t<\/div>\n\t\t\t\t<\/div>\n\t\t\t\t\t<\/div>\n\t\t<\/div>\n\t\t\t\t\t\t\t<\/div>\n\t\t<\/section>\n\t\t\t\t\t\t\t<\/div>\n\t\t","protected":false},"excerpt":{"rendered":"<p>Biz Kimiz? N\u00f6tral Kimya, 2004 y\u0131l\u0131nda kurulmu\u015f olup su \u015fartland\u0131rma , su ar\u0131tma sistemleri , havuz kimyasallar\u0131 , end\u00fcstriyel temizlik kimyasallar\u0131 ile faaliyetine ba\u015flam\u0131\u015ft\u0131r.2010 y\u0131l\u0131ndan itibaren tekstil yard\u0131mc\u0131 kimyasallar\u0131 \u00fcretimine ba\u015flam\u0131\u015f olup g\u00fcn\u00fcm\u00fczde halen devam etmektedir. Kalite Politikam\u0131z Firmam\u0131z vizyonu do\u011frultusunda ISO 9001:2015 standard\u0131 gere\u011fi kalite politikam\u0131z N\u00f6tral Kimya olarak geli\u015fmekte olan teknoloji ve d\u00fcnya [&hellip;]<\/p>\n","protected":false},"author":1,"featured_media":0,"parent":0,"menu_order":0,"comment_status":"closed","ping_status":"closed","template":"page-fullwidth.php","meta":{"_joinchat":[],"footnotes":""},"class_list":["post-227","page","type-page","status-publish","hentry"],"_links":{"self":[{"href":"https:\/\/www.notralkimya.com\/index.php?rest_route=\/wp\/v2\/pages\/227","targetHints":{"allow":["GET"]}}],"collection":[{"href":"https:\/\/www.notralkimya.com\/index.php?rest_route=\/wp\/v2\/pages"}],"about":[{"href":"https:\/\/www.notralkimya.com\/index.php?rest_route=\/wp\/v2\/types\/page"}],"author":[{"embeddable":true,"href":"https:\/\/www.notralkimya.com\/index.php?rest_route=\/wp\/v2\/users\/1"}],"replies":[{"embeddable":true,"href":"https:\/\/www.notralkimya.com\/index.php?rest_route=%2Fwp%2Fv2%2Fcomments&post=227"}],"version-history":[{"count":36,"href":"https:\/\/www.notralkimya.com\/index.php?rest_route=\/wp\/v2\/pages\/227\/revisions"}],"predecessor-version":[{"id":1371,"href":"https:\/\/www.notralkimya.com\/index.php?rest_route=\/wp\/v2\/pages\/227\/revisions\/1371"}],"wp:attachment":[{"href":"https:\/\/www.notralkimya.com\/index.php?rest_route=%2Fwp%2Fv2%2Fmedia&parent=227"}],"curies":[{"name":"wp","href":"https:\/\/api.w.org\/{rel}","templated":true}]}}